{"id":10,"date":"2023-03-15T15:49:16","date_gmt":"2023-03-15T14:49:16","guid":{"rendered":"http:\/\/www.laserantitabac.pro\/?page_id=10"},"modified":"2025-10-02T23:26:42","modified_gmt":"2025-10-02T21:26:42","slug":"details-du-projet","status":"publish","type":"page","link":"https:\/\/www.laserantitabac.pro\/index.php\/details-du-projet\/","title":{"rendered":"D\u00e9roulement de la s\u00e9ance de Sevrage  \/"},"content":{"rendered":"\t\t<div data-elementor-type=\"wp-page\" data-elementor-id=\"10\" class=\"elementor elementor-10\">\n\t\t\t\t<div class=\"elementor-element elementor-element-426071cc e-con-full e-flex wpr-particle-no wpr-jarallax-no wpr-parallax-no wpr-sticky-section-no e-con e-parent\" data-id=\"426071cc\" data-element_type=\"container\">\n\t\t\t\t<div class=\"elementor-element elementor-element-7d8531fb elementor-widget elementor-widget-text-editor\" data-id=\"7d8531fb\" data-element_type=\"widget\" data-widget_type=\"text-editor.default\">\n\t\t\t\t<div class=\"elementor-widget-container\">\n\t\t\t\t\t\t\t\t\t<p><strong><em>METHODE : SEVRAGE des ADDICTIONS par Photobiostimulation au laser doux \/ <\/em><\/strong>(Auriculoth\u00e9rapie + Laser)<\/p>\n<p><!-- \/wp:paragraph --><!-- wp:paragraph --><\/p>\n<p><!-- \/wp:paragraph --><!-- wp:cover {\"overlayColor\":\"neve-text-color\",\"minHeight\":600,\"align\":\"full\"} --><\/p>\n<div style=\"min-height: 600px;\">\n<div>\n<p><!-- wp:group --><\/p>\n<div>\n<p><!-- wp:spacer {\"height\":\"80px\"} --><\/p>\n<div style=\"height: 80px;\" aria-hidden=\"true\">\u00a0<\/div>\n<p><!-- \/wp:spacer --><!-- wp:columns --><\/p>\n<div>\n<p><!-- wp:column {\"width\":\"66.79%\"} --><\/p>\n<div style=\"flex-basis: 66.79%;\">\n<p><!-- wp:image {\"id\":62,\"sizeSlug\":\"large\",\"linkDestination\":\"none\"} --><\/p>\n<figure><img decoding=\"async\" src=\"https:\/\/www.laserantitabac.pro\/wp-content\/uploads\/2023\/03\/Capture-decran-2023-01-05-a-15.58.04-1024x654.png\" alt=\"\" \/><\/figure>\n<p><!-- \/wp:image --><\/p>\n<\/div>\n<p><!-- \/wp:column --><!-- wp:column {\"width\":\"34%\"} --><\/p>\n<div style=\"flex-basis: 34%;\">\n<h4><!-- wp:paragraph --><\/h4>\n<p>Dans un premier temps votre th\u00e9rapeute \u00e9changera avec vous afin de conna\u00eetre votre parcours, d\u00e9terminer votre degr\u00e9 d\u2019addiction, ainsi que votre motivation. Il vous expliquera comment fonctionne la d\u00e9pendance et la m\u00e9thode se sevrage utilis\u00e9e. Walter ARGENTINO est l\u00e0 pour vous \u00e9couter en toute\u00a0confidentialit\u00e9, avec bienveillance, et sans jugement.<\/p>\n<p><!-- \/wp:paragraph --><!-- wp:separator {\"opacity\":\"css\",\"className\":\"is-style-wide\"} --><\/p>\n<hr \/>\n<p><!-- \/wp:separator --><\/p>\n<\/div>\n<p><!-- \/wp:column --><\/p>\n<\/div>\n<p><!-- \/wp:columns --><\/p>\n<\/div>\n<p><!-- \/wp:group --><\/p>\n<\/div>\n<\/div>\n<p><!-- \/wp:cover --><!-- wp:cover {\"overlayColor\":\"neve-text-color\",\"minHeight\":600,\"align\":\"full\"} --><\/p>\n<div style=\"min-height: 600px;\">\n<div>\n<p><!-- wp:group --><\/p>\n<div>\n<p><!-- wp:spacer {\"height\":\"80px\"} --><\/p>\n<div style=\"height: 80px;\" aria-hidden=\"true\">\u00a0<\/div>\n<p><!-- \/wp:spacer --><!-- wp:columns --><\/p>\n<div>\n<p><!-- wp:column {\"width\":\"66.79%\"} --><\/p>\n<div style=\"flex-basis: 66.79%;\">\n<p><!-- wp:image {\"id\":63,\"sizeSlug\":\"large\",\"linkDestination\":\"none\"} --><\/p>\n<figure><img decoding=\"async\" src=\"https:\/\/www.laserantitabac.pro\/wp-content\/uploads\/2023\/03\/Capture-decran-2023-01-05-a-15.58.17-1024x652.png\" alt=\"\" \/><\/figure>\n<p><!-- \/wp:image --><\/p>\n<\/div>\n<p><!-- \/wp:column --><!-- wp:column {\"width\":\"34%\"} --><\/p>\n<div style=\"flex-basis: 34%;\">\n<p><!-- wp:paragraph --><\/p>\n<p>L\u2019application de la m\u00e9thode de sevrage par photobiostimulation au laser doux se pratique en 2 \u00e9tapes. Dans 1<sup>er<\/sup> temps, nous d\u00e9tectons et stimulons des points reflexes sur le pavillon de l\u2019oreille. Dans un 2d temps nous appliquons le laser sur les points stimul\u00e9s, ce qui va d\u00e9connecter instantan\u00e9ment les synapses de votre d\u00e9pendance. Vous ne ressentirez plus de besoin physique \u00e0 la nicotine ou \u00e0 tout autre produit addictif et ne ressentirez aucun \u00e9tat de manque.<\/p>\n<p><!-- \/wp:paragraph --><!-- wp:separator {\"opacity\":\"css\",\"className\":\"is-style-wide\"} --><\/p>\n<hr \/>\n<p><!-- \/wp:separator --><\/p>\n<\/div>\n<p><!-- \/wp:column --><\/p>\n<\/div>\n<p><!-- \/wp:columns --><\/p>\n<\/div>\n<p><!-- \/wp:group --><\/p>\n<\/div>\n<\/div>\n<p><!-- \/wp:cover --><!-- wp:cover {\"overlayColor\":\"neve-text-color\",\"minHeight\":600,\"align\":\"full\"} --><\/p>\n<div style=\"min-height: 600px;\">\n<div>\n<p><!-- wp:group --><\/p>\n<div>\n<p><!-- wp:spacer {\"height\":\"80px\"} --><\/p>\n<div style=\"height: 80px;\" aria-hidden=\"true\">\u00a0<\/div>\n<p><!-- \/wp:spacer --><!-- wp:columns --><\/p>\n<div>\n<p><!-- wp:column {\"width\":\"66.79%\"} --><\/p>\n<div style=\"flex-basis: 66.79%;\">\n<p><!-- wp:image {\"id\":64,\"sizeSlug\":\"large\",\"linkDestination\":\"none\"} --><\/p>\n<figure><img decoding=\"async\" src=\"https:\/\/www.laserantitabac.pro\/wp-content\/uploads\/2023\/03\/Capture-decran-2023-01-05-a-15.58.24-1024x659.png\" alt=\"\" \/><\/figure>\n<p><!-- \/wp:image --><\/p>\n<\/div>\n<p><!-- \/wp:column --><!-- wp:column {\"width\":\"34%\"} --><\/p>\n<div style=\"flex-basis: 34%;\">\n<p><!-- wp:paragraph --><\/p>\n<p>Une fois la s\u00e9ance de laser termin\u00e9e, votre th\u00e9rapeute <span style=\"color: inherit;\">un premier temps votre th\u00e9rapeute \u00e9changera av<\/span><span style=\"color: inherit;\">Dans un premier temps votre th\u00e9rapeute \u00e9changera avec vous afin de conna\u00eetre votre parcours, d\u00e9terminer votre degr\u00e9 d\u2019addiction, ainsi que votre motivation. Il vous expliquera comment fonctionne la d\u00e9pendance et la m\u00e9thode se sevrage utilis\u00e9e. Walter ARGENTINO est l\u00e0 pour vous <\/span><strong style=\"color: inherit;\">\u00e9couter <\/strong><span style=\"color: inherit;\">en toute\u00a0<\/span><strong style=\"color: inherit;\">confidentialit\u00e9<\/strong><span style=\"color: inherit;\">, avec bienveillance, et sans jugement.<\/span><span style=\"color: inherit;\">ec vous afin de conna\u00eetre votre parcours, d\u00e9terminer votre degr\u00e9 d\u2019addiction, ainsi que votre motivation. Il vous expliquera comment fonctionne la d\u00e9pendance et la m\u00e9thode se sevrage utilis\u00e9e. Walter ARGENTINO est l\u00e0 pour vous <\/span><strong style=\"color: inherit;\">\u00e9couter <\/strong><span style=\"color: inherit;\">en toute\u00a0<\/span><strong style=\"color: inherit;\">confidentialit\u00e9<\/strong><span style=\"color: inherit;\">, avec bienveillance, et sans jugement.<\/span><\/p>\n<p><!-- \/wp:paragraph --><!-- wp:separator {\"opacity\":\"css\",\"className\":\"is-style-wide\"} --><\/p>\n<p>Walter ARGENTINO vous donnera votre garantie de 1 an et vous proposera un suivi personnalis\u00e9 de votre sevrage. Il vous donnera des conseils et des indications \u00e0 suivre pour les 15 premiers jours de votre sevrage. En cas de rechute, votre th\u00e9rapeute vous proposera une nouvelle s\u00e9ance totalement gratuite. Vous \u00eates enfin lib\u00e9r\u00e9 de votre d\u00e9pendance.<\/p>\n<p><!-- \/wp:paragraph --><!-- wp:separator {\"opacity\":\"css\",\"className\":\"is-style-wide\"} --><\/p>\n<hr \/>\n<p><!-- \/wp:separator --><\/p>\n<\/div>\n<p><!-- \/wp:column --><\/p>\n<\/div>\n<p><!-- \/wp:columns --><\/p>\n<\/div>\n<p><!-- \/wp:group --><\/p>\n<\/div>\n<\/div>\n<p><!-- \/wp:cover --><!-- wp:cover {\"overlayColor\":\"nv-light-bg\",\"minHeight\":300,\"align\":\"full\"} --><\/p>\n<div style=\"min-height: 300px;\">\n<div>\n<p><!-- wp:spacer {\"height\":\"140px\"} --><\/p>\n<div style=\"height: 140px;\" aria-hidden=\"true\">\u00a0<\/div>\n<p><!-- \/wp:spacer --><!-- wp:heading {\"textAlign\":\"center\",\"textColor\":\"neve-text-color\"} --><\/p>\n<h2>Lib\u00e9rez-vous de vos addictions.<\/h2>\n<p><!-- \/wp:heading --><!-- wp:buttons {\"layout\":{\"type\":\"flex\",\"justifyContent\":\"center\"}} --><\/p>\n<div>\n<p><!-- wp:button {\"backgroundColor\":\"neve-link-color\",\"textColor\":\"nv-site-bg\",\"className\":\"is-style-primary\"} --><\/p>\n<div><a href=\"https:\/\/www.medoucine.com\/consultation\/bayonne\/walter-argentino\/4138\" target=\"_blank\" rel=\"noreferrer noopener\">PRENDRE RENDEZ-VOUS<\/a><\/div>\n<p><!-- \/wp:button --><\/p>\n<\/div>\n<p><!-- \/wp:buttons --><!-- wp:spacer {\"height\":\"140px\"} --><\/p>\n<div style=\"height: 140px;\" aria-hidden=\"true\">\u00a0<\/div>\n<p>\u00a0<\/p>\n<p><!-- \/wp:spacer --><\/p>\n<\/div>\n<\/div>\n<p><!-- \/wp:cover --><\/p>\t\t\t\t\t\t\t\t<\/div>\n\t\t\t\t<\/div>\n\t\t\t\t<div class=\"elementor-element elementor-element-8b045d2 elementor-widget elementor-widget-text-editor\" data-id=\"8b045d2\" data-element_type=\"widget\" data-widget_type=\"text-editor.default\">\n\t\t\t\t<div class=\"elementor-widget-container\">\n\t\t\t\t\t\t\t\t\t<p><strong><em>METHODE : SEVRAGE des ADDICTIONS par Photobiostimulation au laser doux \/ <\/em><\/strong>(Auriculoth\u00e9rapie + Laser)<\/p>\n<p><!-- \/wp:paragraph --><!-- wp:paragraph --><\/p>\n<p><!-- \/wp:paragraph --><!-- wp:cover {\"overlayColor\":\"neve-text-color\",\"minHeight\":600,\"align\":\"full\"} --><\/p>\n<div class=\"wp-block-cover alignfull\" style=\"min-height: 600px;\">\n<div class=\"wp-block-cover__inner-container\">\n<p><!-- wp:group --><\/p>\n<div class=\"wp-block-group\">\n<p><!-- wp:spacer {\"height\":\"80px\"} --><\/p>\n<div class=\"wp-block-spacer\" style=\"height: 80px;\" aria-hidden=\"true\">\u00a0<\/div>\n<p><!-- \/wp:spacer --><!-- wp:columns --><\/p>\n<div class=\"wp-block-columns\">\n<p><!-- wp:column {\"width\":\"66.79%\"} --><\/p>\n<div class=\"wp-block-column\" style=\"flex-basis: 66.79%;\">\n<p><!-- wp:image {\"id\":62,\"sizeSlug\":\"large\",\"linkDestination\":\"none\"} --><\/p>\n<figure class=\"wp-block-image size-large\"><img fetchpriority=\"high\" decoding=\"async\" width=\"1024\" height=\"654\" class=\"wp-image-62\" src=\"https:\/\/www.laserantitabac.pro\/wp-content\/uploads\/2023\/03\/Capture-decran-2023-01-05-a-15.58.04-1024x654.png\" alt=\"\" srcset=\"https:\/\/www.laserantitabac.pro\/wp-content\/uploads\/2023\/03\/Capture-decran-2023-01-05-a-15.58.04-1024x654.png 1024w, https:\/\/www.laserantitabac.pro\/wp-content\/uploads\/2023\/03\/Capture-decran-2023-01-05-a-15.58.04-300x192.png 300w, https:\/\/www.laserantitabac.pro\/wp-content\/uploads\/2023\/03\/Capture-decran-2023-01-05-a-15.58.04-768x490.png 768w, https:\/\/www.laserantitabac.pro\/wp-content\/uploads\/2023\/03\/Capture-decran-2023-01-05-a-15.58.04.png 1190w\" sizes=\"(max-width: 1024px) 100vw, 1024px\" \/><\/figure>\n<p><!-- \/wp:image --><\/p>\n<\/div>\n<p><!-- \/wp:column --><!-- wp:column {\"width\":\"34%\"} --><\/p>\n<div class=\"wp-block-column\" style=\"flex-basis: 34%;\">\n<p><!-- wp:paragraph --><\/p>\n<p>Dans un premier temps votre th\u00e9rapeute \u00e9changera avec vous afin de conna\u00eetre votre parcours, d\u00e9terminer votre degr\u00e9 d\u2019addiction, ainsi que votre motivation. Il vous expliquera comment fonctionne la d\u00e9pendance et la m\u00e9thode se sevrage utilis\u00e9e. Walter ARGENTINO est l\u00e0 pour vous <strong>\u00e9couter <\/strong>en toute\u00a0<strong>confidentialit\u00e9<\/strong>, avec bienveillance, et sans jugement.<\/p>\n<p><!-- \/wp:paragraph --><!-- wp:separator {\"opacity\":\"css\",\"className\":\"is-style-wide\"} --><\/p>\n<hr class=\"wp-block-separator has-css-opacity is-style-wide\" \/>\n<p><!-- \/wp:separator --><\/p>\n<\/div>\n<p><!-- \/wp:column --><\/p>\n<\/div>\n<p><!-- \/wp:columns --><\/p>\n<\/div>\n<p><!-- \/wp:group --><\/p>\n<\/div>\n<\/div>\n<p><!-- \/wp:cover --><!-- wp:cover {\"overlayColor\":\"neve-text-color\",\"minHeight\":600,\"align\":\"full\"} --><\/p>\n<div class=\"wp-block-cover alignfull\" style=\"min-height: 600px;\">\n<div class=\"wp-block-cover__inner-container\">\n<p><!-- wp:group --><\/p>\n<div class=\"wp-block-group\">\n<p><!-- wp:spacer {\"height\":\"80px\"} --><\/p>\n<div class=\"wp-block-spacer\" style=\"height: 80px;\" aria-hidden=\"true\">\u00a0<\/div>\n<p><!-- \/wp:spacer --><!-- wp:columns --><\/p>\n<div class=\"wp-block-columns\">\n<p><!-- wp:column {\"width\":\"66.79%\"} --><\/p>\n<div class=\"wp-block-column\" style=\"flex-basis: 66.79%;\">\n<p><!-- wp:image {\"id\":63,\"sizeSlug\":\"large\",\"linkDestination\":\"none\"} --><\/p>\n<figure class=\"wp-block-image size-large\"><img decoding=\"async\" width=\"1024\" height=\"652\" class=\"wp-image-63\" src=\"https:\/\/www.laserantitabac.pro\/wp-content\/uploads\/2023\/03\/Capture-decran-2023-01-05-a-15.58.17-1024x652.png\" alt=\"\" srcset=\"https:\/\/www.laserantitabac.pro\/wp-content\/uploads\/2023\/03\/Capture-decran-2023-01-05-a-15.58.17-1024x652.png 1024w, https:\/\/www.laserantitabac.pro\/wp-content\/uploads\/2023\/03\/Capture-decran-2023-01-05-a-15.58.17-300x191.png 300w, https:\/\/www.laserantitabac.pro\/wp-content\/uploads\/2023\/03\/Capture-decran-2023-01-05-a-15.58.17-768x489.png 768w, https:\/\/www.laserantitabac.pro\/wp-content\/uploads\/2023\/03\/Capture-decran-2023-01-05-a-15.58.17.png 1108w\" sizes=\"(max-width: 1024px) 100vw, 1024px\" \/><\/figure>\n<p><!-- \/wp:image --><\/p>\n<\/div>\n<p><!-- \/wp:column --><!-- wp:column {\"width\":\"34%\"} --><\/p>\n<div class=\"wp-block-column\" style=\"flex-basis: 34%;\">\n<p><!-- wp:paragraph --><\/p>\n<p>L\u2019application de la m\u00e9thode de sevrage par photobiostimulation au laser doux se pratique en 2 \u00e9tapes. Dans 1<sup>er<\/sup> temps, nous d\u00e9tectons et stimulons des points reflexes sur le pavillon de l\u2019oreille. Dans un 2d temps nous appliquons le laser sur les points stimul\u00e9s, ce qui va d\u00e9connecter instantan\u00e9ment les synapses de votre d\u00e9pendance. Vous ne ressentirez plus de besoin physique \u00e0 la nicotine ou \u00e0 tout autre produit addictif et ne ressentirez aucun \u00e9tat de manque.<\/p>\n<p><!-- \/wp:paragraph --><!-- wp:separator {\"opacity\":\"css\",\"className\":\"is-style-wide\"} --><\/p>\n<hr class=\"wp-block-separator has-css-opacity is-style-wide\" \/>\n<p><!-- \/wp:separator --><\/p>\n<\/div>\n<p><!-- \/wp:column --><\/p>\n<\/div>\n<p><!-- \/wp:columns --><\/p>\n<\/div>\n<p><!-- \/wp:group --><\/p>\n<\/div>\n<\/div>\n<p><!-- \/wp:cover --><!-- wp:cover {\"overlayColor\":\"neve-text-color\",\"minHeight\":600,\"align\":\"full\"} --><\/p>\n<div class=\"wp-block-cover alignfull\" style=\"min-height: 600px;\">\n<div class=\"wp-block-cover__inner-container\">\n<p><!-- wp:group --><\/p>\n<div class=\"wp-block-group\">\n<p><!-- wp:spacer {\"height\":\"80px\"} --><\/p>\n<div class=\"wp-block-spacer\" style=\"height: 80px;\" aria-hidden=\"true\">\u00a0<\/div>\n<p><!-- \/wp:spacer --><!-- wp:columns --><\/p>\n<div class=\"wp-block-columns\">\n<p><!-- wp:column {\"width\":\"66.79%\"} --><\/p>\n<div class=\"wp-block-column\" style=\"flex-basis: 66.79%;\">\n<p><!-- wp:image {\"id\":64,\"sizeSlug\":\"large\",\"linkDestination\":\"none\"} --><\/p>\n<figure class=\"wp-block-image size-large\"><img decoding=\"async\" width=\"1024\" height=\"659\" class=\"wp-image-64\" src=\"https:\/\/www.laserantitabac.pro\/wp-content\/uploads\/2023\/03\/Capture-decran-2023-01-05-a-15.58.24-1024x659.png\" alt=\"\" srcset=\"https:\/\/www.laserantitabac.pro\/wp-content\/uploads\/2023\/03\/Capture-decran-2023-01-05-a-15.58.24-1024x659.png 1024w, https:\/\/www.laserantitabac.pro\/wp-content\/uploads\/2023\/03\/Capture-decran-2023-01-05-a-15.58.24-300x193.png 300w, https:\/\/www.laserantitabac.pro\/wp-content\/uploads\/2023\/03\/Capture-decran-2023-01-05-a-15.58.24-768x494.png 768w, https:\/\/www.laserantitabac.pro\/wp-content\/uploads\/2023\/03\/Capture-decran-2023-01-05-a-15.58.24.png 1106w\" sizes=\"(max-width: 1024px) 100vw, 1024px\" \/><\/figure>\n<p><!-- \/wp:image --><\/p>\n<\/div>\n<p><!-- \/wp:column --><!-- wp:column {\"width\":\"34%\"} --><\/p>\n<div class=\"wp-block-column\" style=\"flex-basis: 34%;\">\n<p><!-- wp:paragraph --><\/p>\n<p>Une fois la s\u00e9ance de laser termin\u00e9e, votre th\u00e9rapeute <span style=\"color: inherit;\">un premier temps votre th\u00e9rapeute \u00e9changera av<\/span><span style=\"color: inherit;\">Dans un premier temps votre th\u00e9rapeute \u00e9changera avec vous afin de conna\u00eetre votre parcours, d\u00e9terminer votre degr\u00e9 d\u2019addiction, ainsi que votre motivation. Il vous expliquera comment fonctionne la d\u00e9pendance et la m\u00e9thode se sevrage utilis\u00e9e. Walter ARGENTINO est l\u00e0 pour vous <\/span><strong style=\"color: inherit;\">\u00e9couter <\/strong><span style=\"color: inherit;\">en toute\u00a0<\/span><strong style=\"color: inherit;\">confidentialit\u00e9<\/strong><span style=\"color: inherit;\">, avec bienveillance, et sans jugement.<\/span><span style=\"color: inherit;\">ec vous afin de conna\u00eetre votre parcours, d\u00e9terminer votre degr\u00e9 d\u2019addiction, ainsi que votre motivation. Il vous expliquera comment fonctionne la d\u00e9pendance et la m\u00e9thode se sevrage utilis\u00e9e. Walter ARGENTINO est l\u00e0 pour vous <\/span><strong style=\"color: inherit;\">\u00e9couter <\/strong><span style=\"color: inherit;\">en toute\u00a0<\/span><strong style=\"color: inherit;\">confidentialit\u00e9<\/strong><span style=\"color: inherit;\">, avec bienveillance, et sans jugement.<\/span><\/p>\n<p><!-- \/wp:paragraph --><!-- wp:separator {\"opacity\":\"css\",\"className\":\"is-style-wide\"} --><\/p>\n<p>us donnera votre garantie de 1 an et vous proposera un suivi personnalis\u00e9 de votre sevrage. Il vous donnera des conseils et des indications \u00e0 suivre pour les 15 premiers jours de votre sevrage. En cas de rechute, votre th\u00e9rapeute vous proposera une nouvelle s\u00e9ance totalement gratuite. Vous \u00eates enfin lib\u00e9r\u00e9 de votre d\u00e9pendance.<\/p>\n<p><!-- \/wp:paragraph --><!-- wp:separator {\"opacity\":\"css\",\"className\":\"is-style-wide\"} --><\/p>\n<hr class=\"wp-block-separator has-css-opacity is-style-wide\" \/>\n<p><!-- \/wp:separator --><\/p>\n<\/div>\n<p><!-- \/wp:column --><\/p>\n<\/div>\n<p><!-- \/wp:columns --><\/p>\n<\/div>\n<p><!-- \/wp:group --><\/p>\n<\/div>\n<\/div>\n<p><!-- \/wp:cover --><!-- wp:cover {\"overlayColor\":\"nv-light-bg\",\"minHeight\":300,\"align\":\"full\"} --><\/p>\n<div class=\"wp-block-cover alignfull\" style=\"min-height: 300px;\">\n<div class=\"wp-block-cover__inner-container\">\n<p><!-- wp:spacer {\"height\":\"140px\"} --><\/p>\n<div class=\"wp-block-spacer\" style=\"height: 140px;\" aria-hidden=\"true\">\u00a0<\/div>\n<p><!-- \/wp:spacer --><!-- wp:heading {\"textAlign\":\"center\",\"textColor\":\"neve-text-color\"} --><\/p>\n<h2 class=\"wp-block-heading has-text-align-center has-neve-text-color-color has-text-color\">Lib\u00e9rez-vous de vos addictions.<\/h2>\n<p><!-- \/wp:heading --><!-- wp:buttons {\"layout\":{\"type\":\"flex\",\"justifyContent\":\"center\"}} --><\/p>\n<div class=\"wp-block-buttons\">\n<p><!-- wp:button {\"backgroundColor\":\"neve-link-color\",\"textColor\":\"nv-site-bg\",\"className\":\"is-style-primary\"} --><\/p>\n<div class=\"wp-block-button is-style-primary\"><a class=\"wp-block-button__link has-nv-site-bg-color has-neve-link-color-background-color has-text-color has-background wp-element-button\" href=\"https:\/\/www.medoucine.com\/consultation\/bayonne\/walter-argentino\/4138\" target=\"_blank\" rel=\"noreferrer noopener\">PRENDRE RENDEZ-VOUS<\/a><\/div>\n<\/div>\n<p><!-- \/wp:spacer --><\/p>\n<\/div>\n<\/div>\n<p><!-- \/wp:cover --><\/p>\t\t\t\t\t\t\t\t<\/div>\n\t\t\t\t<\/div>\n\t\t\t\t<div class=\"elementor-element elementor-element-10b8f1f elementor-widget elementor-widget-heading\" data-id=\"10b8f1f\" data-element_type=\"widget\" data-widget_type=\"heading.default\">\n\t\t\t\t<div class=\"elementor-widget-container\">\n\t\t\t\t\t<h2 class=\"elementor-heading-title elementor-size-default\">Ajoutez votre titre ici<\/h2>\t\t\t\t<\/div>\n\t\t\t\t<\/div>\n\t\t\t\t<\/div>\n\t\t\t\t<\/div>\n\t\t","protected":false},"excerpt":{"rendered":"<p>METHODE : SEVRAGE des ADDICTIONS par Photobiostimulation au laser doux \/ (Auriculoth\u00e9rapie + Laser) \u00a0 Dans un premier temps votre th\u00e9rapeute \u00e9changera avec vous afin de conna\u00eetre votre parcours, d\u00e9terminer votre degr\u00e9 d\u2019addiction, ainsi que votre motivation. Il vous expliquera comment fonctionne la d\u00e9pendance et la m\u00e9thode se sevrage utilis\u00e9e. Walter ARGENTINO est l\u00e0 pour vous \u00e9couter en toute\u00a0confidentialit\u00e9, avec bienveillance, et sans jugement. \u00a0 L\u2019application de la m\u00e9thode de sevrage par photobiostimulation au laser doux se pratique en 2 \u00e9tapes. Dans 1er temps, nous d\u00e9tectons et stimulons des points reflexes sur le pavillon de l\u2019oreille. Dans un 2d temps nous appliquons le laser sur les points stimul\u00e9s, ce qui va d\u00e9connecter instantan\u00e9ment les synapses de votre d\u00e9pendance. Vous ne ressentirez plus de besoin physique \u00e0 la nicotine ou \u00e0 tout autre produit addictif et ne ressentirez aucun \u00e9tat de manque. \u00a0 Une fois la s\u00e9ance de laser termin\u00e9e, votre th\u00e9rapeute un premier temps votre th\u00e9rapeute \u00e9changera avDans un premier temps votre th\u00e9rapeute \u00e9changera avec vous afin de conna\u00eetre votre parcours, d\u00e9terminer votre degr\u00e9 d\u2019addiction, ainsi que votre motivation. Il vous expliquera comment fonctionne la d\u00e9pendance et la m\u00e9thode se sevrage utilis\u00e9e. Walter ARGENTINO est l\u00e0 pour vous \u00e9couter en toute\u00a0confidentialit\u00e9, avec bienveillance, et sans jugement.ec vous afin de conna\u00eetre votre parcours, d\u00e9terminer votre degr\u00e9 d\u2019addiction, ainsi que votre motivation. Il vous expliquera comment fonctionne la d\u00e9pendance et la m\u00e9thode se sevrage utilis\u00e9e. Walter ARGENTINO est l\u00e0 pour vous \u00e9couter en toute\u00a0confidentialit\u00e9, avec bienveillance, et sans jugement. Walter ARGENTINO vous donnera votre garantie de 1 an et vous proposera un suivi personnalis\u00e9 de votre sevrage. Il vous donnera des conseils et des indications \u00e0 suivre pour les 15 premiers jours de votre sevrage. En cas de rechute, votre th\u00e9rapeute vous proposera une nouvelle s\u00e9ance totalement gratuite. Vous \u00eates enfin lib\u00e9r\u00e9 de votre d\u00e9pendance. \u00a0 Lib\u00e9rez-vous de vos addictions. PRENDRE RENDEZ-VOUS \u00a0 \u00a0 METHODE : SEVRAGE des ADDICTIONS par Photobiostimulation au laser doux \/ (Auriculoth\u00e9rapie + Laser) \u00a0 Dans un premier temps votre th\u00e9rapeute \u00e9changera avec vous afin de conna\u00eetre votre parcours, d\u00e9terminer votre degr\u00e9 d\u2019addiction, ainsi que votre motivation. Il vous expliquera comment fonctionne la d\u00e9pendance et la m\u00e9thode se sevrage utilis\u00e9e. Walter ARGENTINO est l\u00e0 pour vous \u00e9couter en toute\u00a0confidentialit\u00e9, avec bienveillance, et sans jugement. \u00a0 L\u2019application de la m\u00e9thode de sevrage par photobiostimulation au laser doux se pratique en 2 \u00e9tapes. Dans 1er temps, nous d\u00e9tectons et stimulons des points reflexes sur le pavillon de l\u2019oreille. Dans un 2d temps nous appliquons le laser sur les points stimul\u00e9s, ce qui va d\u00e9connecter instantan\u00e9ment les synapses de votre d\u00e9pendance. Vous ne ressentirez plus de besoin physique \u00e0 la nicotine ou \u00e0 tout autre produit addictif et ne ressentirez aucun \u00e9tat de manque. \u00a0 Une fois la s\u00e9ance de laser termin\u00e9e, votre th\u00e9rapeute un premier temps votre th\u00e9rapeute \u00e9changera avDans un premier temps votre th\u00e9rapeute \u00e9changera avec vous afin de conna\u00eetre votre parcours, d\u00e9terminer votre degr\u00e9 d\u2019addiction, ainsi que votre motivation. Il vous expliquera comment fonctionne la d\u00e9pendance et la m\u00e9thode se sevrage utilis\u00e9e. Walter ARGENTINO est l\u00e0 pour vous \u00e9couter en toute\u00a0confidentialit\u00e9, avec bienveillance, et sans jugement.ec vous afin de conna\u00eetre votre parcours, d\u00e9terminer votre degr\u00e9 d\u2019addiction, ainsi que votre motivation. Il vous expliquera comment fonctionne la d\u00e9pendance et la m\u00e9thode se sevrage utilis\u00e9e. Walter ARGENTINO est l\u00e0 pour vous \u00e9couter en toute\u00a0confidentialit\u00e9, avec bienveillance, et sans jugement. us donnera votre garantie de 1 an et vous proposera un suivi personnalis\u00e9 de votre sevrage. Il vous donnera des conseils et des indications \u00e0 suivre pour les 15 premiers jours de votre sevrage. En cas de rechute, votre th\u00e9rapeute vous proposera une nouvelle s\u00e9ance totalement gratuite. Vous \u00eates enfin lib\u00e9r\u00e9 de votre d\u00e9pendance. \u00a0 Lib\u00e9rez-vous de vos addictions. PRENDRE RENDEZ-VOUS Ajoutez votre titre ici<\/p>\n","protected":false},"author":1,"featured_media":0,"parent":0,"menu_order":0,"comment_status":"closed","ping_status":"closed","template":"","meta":{"neve_meta_sidebar":"","neve_meta_container":"","neve_meta_enable_content_width":"on","neve_meta_content_width":100,"neve_meta_title_alignment":"","neve_meta_author_avatar":"","neve_post_elements_order":"","neve_meta_disable_header":"","neve_meta_disable_footer":"","neve_meta_disable_title":"on","footnotes":""},"class_list":["post-10","page","type-page","status-publish","hentry"],"_links":{"self":[{"href":"https:\/\/www.laserantitabac.pro\/index.php\/wp-json\/wp\/v2\/pages\/10","targetHints":{"allow":["GET"]}}],"collection":[{"href":"https:\/\/www.laserantitabac.pro\/index.php\/wp-json\/wp\/v2\/pages"}],"about":[{"href":"https:\/\/www.laserantitabac.pro\/index.php\/wp-json\/wp\/v2\/types\/page"}],"author":[{"embeddable":true,"href":"https:\/\/www.laserantitabac.pro\/index.php\/wp-json\/wp\/v2\/users\/1"}],"replies":[{"embeddable":true,"href":"https:\/\/www.laserantitabac.pro\/index.php\/wp-json\/wp\/v2\/comments?post=10"}],"version-history":[{"count":18,"href":"https:\/\/www.laserantitabac.pro\/index.php\/wp-json\/wp\/v2\/pages\/10\/revisions"}],"predecessor-version":[{"id":2811,"href":"https:\/\/www.laserantitabac.pro\/index.php\/wp-json\/wp\/v2\/pages\/10\/revisions\/2811"}],"wp:attachment":[{"href":"https:\/\/www.laserantitabac.pro\/index.php\/wp-json\/wp\/v2\/media?parent=10"}],"curies":[{"name":"wp","href":"https:\/\/api.w.org\/{rel}","templated":true}]}}