{"id":138,"date":"2023-03-20T10:35:12","date_gmt":"2023-03-20T09:35:12","guid":{"rendered":"http:\/\/www.laserantitabac.pro\/?page_id=138"},"modified":"2024-01-12T20:11:09","modified_gmt":"2024-01-12T19:11:09","slug":"les-drogues-opioides","status":"publish","type":"page","link":"https:\/\/www.laserantitabac.pro\/index.php\/les-drogues-opioides\/","title":{"rendered":"Les Drogues"},"content":{"rendered":"\n<div class=\"wp-block-columns is-layout-flex wp-container-core-columns-is-layout-9d6595d7 wp-block-columns-is-layout-flex\">\n<div class=\"wp-block-column is-layout-flow wp-block-column-is-layout-flow\">\n<p><strong><em>Voici les diff\u00e9rentes drogues pour lesquelles la m\u00e9thode MFC est efficace.<\/em><\/strong><\/p>\n\n\n\n<ul class=\"wp-block-list\">\n<li>opio\u00efdes<br>H\u00e9ro\u00efne et morphine ;&nbsp;oxycodone ; hydromorphone ; bupr\u00e9norphine ; fentanyl &#8230;<\/li>\n<\/ul>\n\n\n\n<ul class=\"wp-block-list\">\n<li>Coca\u00efne ; Crack<\/li>\n<\/ul>\n\n\n\n<ul class=\"wp-block-list\">\n<li>Cannabis<\/li>\n<\/ul>\n\n\n\n<p><\/p>\n\n\n\n<p><\/p>\n\n\n\n<p><\/p>\n<\/div>\n\n\n\n<div class=\"wp-block-column is-layout-flow wp-block-column-is-layout-flow\">\n<figure class=\"wp-block-image size-large\"><img fetchpriority=\"high\" decoding=\"async\" width=\"1024\" height=\"1024\" src=\"https:\/\/www.laserantitabac.pro\/wp-content\/uploads\/2023\/03\/Capture-decran-2023-03-20-a-10.10.43-1024x1024.png\" alt=\"\" class=\"wp-image-126\" srcset=\"https:\/\/www.laserantitabac.pro\/wp-content\/uploads\/2023\/03\/Capture-decran-2023-03-20-a-10.10.43-1024x1024.png 1024w, https:\/\/www.laserantitabac.pro\/wp-content\/uploads\/2023\/03\/Capture-decran-2023-03-20-a-10.10.43-300x300.png 300w, https:\/\/www.laserantitabac.pro\/wp-content\/uploads\/2023\/03\/Capture-decran-2023-03-20-a-10.10.43-150x150.png 150w, https:\/\/www.laserantitabac.pro\/wp-content\/uploads\/2023\/03\/Capture-decran-2023-03-20-a-10.10.43-768x768.png 768w, https:\/\/www.laserantitabac.pro\/wp-content\/uploads\/2023\/03\/Capture-decran-2023-03-20-a-10.10.43-1536x1536.png 1536w, https:\/\/www.laserantitabac.pro\/wp-content\/uploads\/2023\/03\/Capture-decran-2023-03-20-a-10.10.43.png 1906w\" sizes=\"(max-width: 1024px) 100vw, 1024px\" \/><\/figure>\n<\/div>\n<\/div>\n\n\n\n<div class=\"wp-block-columns is-layout-flex wp-container-core-columns-is-layout-9d6595d7 wp-block-columns-is-layout-flex\">\n<div class=\"wp-block-column has-neve-link-color-background-color has-background is-layout-flow wp-block-column-is-layout-flow\">\n<p>Bien Fait 1<\/p>\n\n\n\n<p><strong>Un meilleur sommeil, plus de tonus, une  meilleure concentration, dle retour de la m\u00e9moire, une meilleure performance<\/strong> <strong>physique et psychique<\/strong> : voici les principaux b\u00e9n\u00e9fices procur\u00e9s par l&rsquo;arr\u00eat de consommation r\u00e9guli\u00e8re de drogues. <\/p>\n<\/div>\n\n\n\n<div class=\"wp-block-column has-neve-link-color-background-color has-background is-layout-flow wp-block-column-is-layout-flow\">\n<p>Bien Fait 2<\/p>\n\n\n\n<p>Explication<\/p>\n<\/div>\n\n\n\n<div class=\"wp-block-column has-neve-link-color-background-color has-background is-layout-flow wp-block-column-is-layout-flow\">\n<p>Bien Fait 3<\/p>\n\n\n\n<p>Explication<\/p>\n<\/div>\n<\/div>\n","protected":false},"excerpt":{"rendered":"<p>Voici les diff\u00e9rentes drogues pour lesquelles la m\u00e9thode MFC est efficace. Bien Fait 1 Un meilleur sommeil, plus de tonus, une meilleure concentration, dle retour de la m\u00e9moire, une meilleure performance physique et psychique : voici les principaux b\u00e9n\u00e9fices procur\u00e9s par l&rsquo;arr\u00eat de consommation r\u00e9guli\u00e8re de drogues. Bien Fait 2 Explication Bien Fait 3 Explication<\/p>\n","protected":false},"author":1,"featured_media":0,"parent":0,"menu_order":0,"comment_status":"closed","ping_status":"closed","template":"","meta":{"neve_meta_sidebar":"","neve_meta_container":"","neve_meta_enable_content_width":"","neve_meta_content_width":0,"neve_meta_title_alignment":"","neve_meta_author_avatar":"","neve_post_elements_order":"","neve_meta_disable_header":"","neve_meta_disable_footer":"","neve_meta_disable_title":"","footnotes":""},"class_list":["post-138","page","type-page","status-publish","hentry"],"_links":{"self":[{"href":"https:\/\/www.laserantitabac.pro\/index.php\/wp-json\/wp\/v2\/pages\/138","targetHints":{"allow":["GET"]}}],"collection":[{"href":"https:\/\/www.laserantitabac.pro\/index.php\/wp-json\/wp\/v2\/pages"}],"about":[{"href":"https:\/\/www.laserantitabac.pro\/index.php\/wp-json\/wp\/v2\/types\/page"}],"author":[{"embeddable":true,"href":"https:\/\/www.laserantitabac.pro\/index.php\/wp-json\/wp\/v2\/users\/1"}],"replies":[{"embeddable":true,"href":"https:\/\/www.laserantitabac.pro\/index.php\/wp-json\/wp\/v2\/comments?post=138"}],"version-history":[{"count":0,"href":"https:\/\/www.laserantitabac.pro\/index.php\/wp-json\/wp\/v2\/pages\/138\/revisions"}],"wp:attachment":[{"href":"https:\/\/www.laserantitabac.pro\/index.php\/wp-json\/wp\/v2\/media?parent=138"}],"curies":[{"name":"wp","href":"https:\/\/api.w.org\/{rel}","templated":true}]}}